{"id":43,"date":"2025-02-04T19:06:47","date_gmt":"2025-02-04T19:06:47","guid":{"rendered":"https:\/\/demosites.io\/sports-club-gb\/?page_id=43"},"modified":"2025-10-13T17:21:31","modified_gmt":"2025-10-13T17:21:31","slug":"etusivu","status":"publish","type":"page","link":"https:\/\/www.nuija.net\/","title":{"rendered":"Etusivu"},"content":{"rendered":"\n<div id=\"wp-block-themeisle-blocks-advanced-columns-784450ff\" class=\"wp-block-themeisle-blocks-advanced-columns alignfull has-1-columns has-desktop-equal-layout has-tablet-equal-layout has-mobile-equal-layout has-vertical-center ticss-c00aadba\"><div class=\"wp-block-themeisle-blocks-advanced-columns-overlay\"><\/div><div class=\"innerblocks-wrap\">\n<div id=\"wp-block-themeisle-blocks-advanced-column-09833478\" class=\"wp-block-themeisle-blocks-advanced-column\">\n<h3 id=\"wp-block-themeisle-blocks-advanced-heading-36c70af6\" class=\"wp-block-themeisle-blocks-advanced-heading wp-block-themeisle-blocks-advanced-heading-36c70af6\">Yhteis\u00f6 joka liikuttaa!<\/h3>\n\n\n\n<p>Yhdistys toimii paikallisten urheiluseurojen yhteisty\u00f6alustana.<\/p>\n\n\n\n<p>Seuran tarkoituksena on edist\u00e4\u00e4 liikuntaa ja urheilua sek\u00e4 niihin liittyv\u00e4\u00e4 kansalaistoimintaa seuran ensisijaisella toiminta-alueella. <\/p>\n\n\n\n<p>Mahdollisuus harrastaa sek\u00e4 osallistua kunto- ja terveysliikuntaa, kilpa- ja huippu-urheiluun tai n\u00e4ihin liittyv\u00e4\u00e4n yhdistystoimintaan jokaisen edellytystens\u00e4 tai tarpeiden mukaisesti. <\/p>\n\n\n\n<p>Seura tarjoaa j\u00e4senilleen mahdollisuuden verkostoitua ja hy\u00f6dynt\u00e4\u00e4 tehokkaammin olemassa olevat resurssit ja osaamisen.<\/p>\n<\/div>\n<\/div><\/div>\n\n\n\n<h3 class=\"wp-block-heading\">Yhteystiedot <\/h3>\n\n\n\n<p>Seuraan liittymispyynn\u00f6t<\/p>\n\n\n\n<p>Niko Immonen<br>044 5954470 <br>niko.immonen12@gmail.com<\/p>\n\n\n\n<p><\/p>\n","protected":false},"excerpt":{"rendered":"<p>Yhteystiedot Seuraan liittymispyynn\u00f6t Niko Immonen044 5954470 niko.immonen12@gmail.com<\/p>\n","protected":false},"author":1,"featured_media":0,"parent":0,"menu_order":0,"comment_status":"closed","ping_status":"closed","template":"","meta":{"neve_meta_sidebar":"","neve_meta_container":"","neve_meta_enable_content_width":"","neve_meta_content_width":0,"neve_meta_title_alignment":"","neve_meta_author_avatar":"","neve_post_elements_order":"","neve_meta_disable_header":"","neve_meta_disable_footer":"","neve_meta_disable_title":"on","_themeisle_gutenberg_block_has_review":false,"footnotes":""},"class_list":["post-43","page","type-page","status-publish","hentry"],"_links":{"self":[{"href":"https:\/\/www.nuija.net\/index.php?rest_route=\/wp\/v2\/pages\/43","targetHints":{"allow":["GET"]}}],"collection":[{"href":"https:\/\/www.nuija.net\/index.php?rest_route=\/wp\/v2\/pages"}],"about":[{"href":"https:\/\/www.nuija.net\/index.php?rest_route=\/wp\/v2\/types\/page"}],"author":[{"embeddable":true,"href":"https:\/\/www.nuija.net\/index.php?rest_route=\/wp\/v2\/users\/1"}],"replies":[{"embeddable":true,"href":"https:\/\/www.nuija.net\/index.php?rest_route=%2Fwp%2Fv2%2Fcomments&post=43"}],"version-history":[{"count":12,"href":"https:\/\/www.nuija.net\/index.php?rest_route=\/wp\/v2\/pages\/43\/revisions"}],"predecessor-version":[{"id":298,"href":"https:\/\/www.nuija.net\/index.php?rest_route=\/wp\/v2\/pages\/43\/revisions\/298"}],"wp:attachment":[{"href":"https:\/\/www.nuija.net\/index.php?rest_route=%2Fwp%2Fv2%2Fmedia&parent=43"}],"curies":[{"name":"wp","href":"https:\/\/api.w.org\/{rel}","templated":true}]}}